{"id":47,"date":"2016-06-16T22:45:59","date_gmt":"2016-06-16T20:45:59","guid":{"rendered":"http:\/\/klavierhaus-kahl.de\/wordpress\/?page_id=47"},"modified":"2025-10-15T15:45:39","modified_gmt":"2025-10-15T13:45:39","slug":"klavierhaus-kahl-klavierstimmer","status":"publish","type":"page","link":"https:\/\/klavierhaus-kahl.de\/wordpress\/","title":{"rendered":"Ihr Klavierstimmer"},"content":{"rendered":"\t\t<div data-elementor-type=\"wp-page\" data-elementor-id=\"47\" class=\"elementor elementor-47\">\n\t\t\t\t\t\t<section class=\"elementor-section elementor-top-section elementor-element elementor-element-d4cedc3 elementor-section-boxed elementor-section-height-default elementor-section-height-default\" data-id=\"d4cedc3\" data-element_type=\"section\" data-e-type=\"section\">\n\t\t\t\t\t\t<div class=\"elementor-container elementor-column-gap-default\">\n\t\t\t\t\t<div class=\"elementor-column elementor-col-25 elementor-top-column elementor-element elementor-element-647e3e3\" data-id=\"647e3e3\" data-element_type=\"column\" data-e-type=\"column\">\n\t\t\t<div class=\"elementor-widget-wrap elementor-element-populated\">\n\t\t\t\t\t\t<div class=\"elementor-element elementor-element-61da94b elementor-widget elementor-widget-text-editor\" data-id=\"61da94b\" data-element_type=\"widget\" data-e-type=\"widget\" data-widget_type=\"text-editor.default\">\n\t\t\t\t<div class=\"elementor-widget-container\">\n\t\t\t\t\t\t\t\t\t<img decoding=\"async\" src=\"https:\/\/klavierhaus-kahl.de\/wordpress\/wp-content\/uploads\/2023\/03\/klavierbaukahl-logo.png\" alt=\"\" width=\"145\" height=\"145\" \/>\t\t\t\t\t\t\t\t<\/div>\n\t\t\t\t<\/div>\n\t\t\t\t\t<\/div>\n\t\t<\/div>\n\t\t\t\t<div class=\"elementor-column elementor-col-25 elementor-top-column elementor-element elementor-element-b71f347\" data-id=\"b71f347\" data-element_type=\"column\" data-e-type=\"column\">\n\t\t\t<div class=\"elementor-widget-wrap elementor-element-populated\">\n\t\t\t\t\t\t<div class=\"elementor-element elementor-element-9f9e4f6 elementor-widget elementor-widget-text-editor\" data-id=\"9f9e4f6\" data-element_type=\"widget\" data-e-type=\"widget\" data-widget_type=\"text-editor.default\">\n\t\t\t\t<div class=\"elementor-widget-container\">\n\t\t\t\t\t\t\t\t\t<h1 style=\"text-align: center;\">\u00a0<\/h1><h1 style=\"text-align: center;\">IHR KLAVIERSTIMMER<\/h1><h1 style=\"text-align: center;\">\u00a0<\/h1><h1 class=\"article-headline\" style=\"text-align: center;\">\u260f<span style=\"color: #808080;\"><a style=\"color: #808080;\" href=\"tel:+491624724789\"> +49 162 4724789<\/a><\/span><\/h1><p>\u00a0<\/p><p>Als <span style=\"color: #808080;\"><a style=\"color: #808080;\" href=\"https:\/\/klavierhaus-kahl.de\/wordpress\/ihr klavierbauer\/\" data-wplink-url-error=\"true\">Klavierbauermeister<\/a><\/span> und professioneller Klavierstimmer bin ich meistens in <strong>Freiburg<\/strong> und im <strong>Dreisamtal<\/strong> anzutreffen. Meine Stimmungen sprechen sich rum und sind h\u00e4ufig auch im <strong>Hochschwarzwald<\/strong> sowie in der <strong>Rheinebene<\/strong> gefragt.<strong> \u00a0\u00a0\u00a0\u00a0\u00a0\u00a0\u00a0\u00a0\u00a0\u00a0\u00a0\u00a0\u00a0\u00a0\u00a0\u00a0\u00a0\u00a0 \u00a0\u00a0 \u00a0\u00a0\u00a0\u00a0\u00a0\u00a0\u00a0\u00a0\u00a0\u00a0\u00a0 Kurz: In ganz S\u00fcdbaden.\u00a0 \u00a0 \u00a0 \u00a0 \u00a0 \u00a0 \u00a0 \u00a0 \u00a0 \u00a0 \u00a0 \u00a0 \u00a0 \u00a0 \u00a0 \u00a0 \u00a0 \u00a0 \u00a0 \u00a0 \u00a0 \u00a0 \u00a0 \u00a0 <\/strong>Bei Ihnen zuhause, in Schulen, auf der Konzertb\u00fchne oder im Tonstudio \u2013 ich k\u00fcmmere mich pers\u00f6nlich um Ihr Instrument. Damit Sie Spa\u00df dran haben.<\/p><p>Ihr Frank Michael Kahl<\/p>\t\t\t\t\t\t\t\t<\/div>\n\t\t\t\t<\/div>\n\t\t\t\t\t<\/div>\n\t\t<\/div>\n\t\t\t\t<div class=\"elementor-column elementor-col-50 elementor-top-column elementor-element elementor-element-734a7da\" data-id=\"734a7da\" data-element_type=\"column\" data-e-type=\"column\" data-settings=\"{&quot;background_background&quot;:&quot;classic&quot;}\">\n\t\t\t<div class=\"elementor-widget-wrap elementor-element-populated\">\n\t\t\t\t\t\t<div class=\"elementor-element elementor-element-e3f701c elementor-widget elementor-widget-image\" data-id=\"e3f701c\" data-element_type=\"widget\" data-e-type=\"widget\" data-widget_type=\"image.default\">\n\t\t\t\t<div class=\"elementor-widget-container\">\n\t\t\t\t\t\t\t\t\t\t\t\t\t\t\t<img fetchpriority=\"high\" decoding=\"async\" width=\"683\" height=\"1024\" src=\"https:\/\/klavierhaus-kahl.de\/wordpress\/wp-content\/uploads\/2021\/01\/Kahl-Frank-Michael-683x1024.jpg\" class=\"attachment-large size-large wp-image-2101\" alt=\"\" srcset=\"https:\/\/klavierhaus-kahl.de\/wordpress\/wp-content\/uploads\/2021\/01\/Kahl-Frank-Michael-683x1024.jpg 683w, https:\/\/klavierhaus-kahl.de\/wordpress\/wp-content\/uploads\/2021\/01\/Kahl-Frank-Michael-200x300.jpg 200w, https:\/\/klavierhaus-kahl.de\/wordpress\/wp-content\/uploads\/2021\/01\/Kahl-Frank-Michael-768x1151.jpg 768w, https:\/\/klavierhaus-kahl.de\/wordpress\/wp-content\/uploads\/2021\/01\/Kahl-Frank-Michael-1025x1536.jpg 1025w, https:\/\/klavierhaus-kahl.de\/wordpress\/wp-content\/uploads\/2021\/01\/Kahl-Frank-Michael-1367x2048.jpg 1367w, https:\/\/klavierhaus-kahl.de\/wordpress\/wp-content\/uploads\/2021\/01\/Kahl-Frank-Michael-scaled.jpg 1708w\" sizes=\"(max-width: 683px) 100vw, 683px\" \/>\t\t\t\t\t\t\t\t\t\t\t\t\t\t\t<\/div>\n\t\t\t\t<\/div>\n\t\t\t\t\t<\/div>\n\t\t<\/div>\n\t\t\t\t\t<\/div>\n\t\t<\/section>\n\t\t\t\t<\/div>\n\t\t","protected":false},"excerpt":{"rendered":"<p>\u00a0 IHR KLAVIERSTIMMER \u00a0 \u260f +49 162 4724789 \u00a0 Als Klavierbauermeister und professioneller Klavierstimmer bin ich meistens in Freiburg und im Dreisamtal anzutreffen. Meine Stimmungen sprechen sich rum und sind h\u00e4ufig auch im Hochschwarzwald sowie in der Rheinebene gefragt. \u00a0\u00a0\u00a0\u00a0\u00a0\u00a0\u00a0\u00a0\u00a0\u00a0\u00a0\u00a0\u00a0\u00a0\u00a0\u00a0\u00a0\u00a0 \u00a0\u00a0 \u00a0\u00a0\u00a0\u00a0\u00a0\u00a0\u00a0\u00a0\u00a0\u00a0\u00a0 Kurz: In ganz S\u00fcdbaden.\u00a0 \u00a0 \u00a0 \u00a0 \u00a0 \u00a0 \u00a0 \u00a0 \u00a0 \u00a0 &#8230; <a title=\"Ihr Klavierstimmer\" class=\"read-more\" href=\"https:\/\/klavierhaus-kahl.de\/wordpress\/\" aria-label=\"Mehr Informationen \u00fcber Ihr Klavierstimmer\">Weiterlesen &#8230;<\/a><\/p>\n","protected":false},"author":1,"featured_media":0,"parent":0,"menu_order":3,"comment_status":"closed","ping_status":"closed","template":"","meta":{"footnotes":""},"class_list":["post-47","page","type-page","status-publish"],"_links":{"self":[{"href":"https:\/\/klavierhaus-kahl.de\/wordpress\/wp-json\/wp\/v2\/pages\/47","targetHints":{"allow":["GET"]}}],"collection":[{"href":"https:\/\/klavierhaus-kahl.de\/wordpress\/wp-json\/wp\/v2\/pages"}],"about":[{"href":"https:\/\/klavierhaus-kahl.de\/wordpress\/wp-json\/wp\/v2\/types\/page"}],"author":[{"embeddable":true,"href":"https:\/\/klavierhaus-kahl.de\/wordpress\/wp-json\/wp\/v2\/users\/1"}],"replies":[{"embeddable":true,"href":"https:\/\/klavierhaus-kahl.de\/wordpress\/wp-json\/wp\/v2\/comments?post=47"}],"version-history":[{"count":228,"href":"https:\/\/klavierhaus-kahl.de\/wordpress\/wp-json\/wp\/v2\/pages\/47\/revisions"}],"predecessor-version":[{"id":3382,"href":"https:\/\/klavierhaus-kahl.de\/wordpress\/wp-json\/wp\/v2\/pages\/47\/revisions\/3382"}],"wp:attachment":[{"href":"https:\/\/klavierhaus-kahl.de\/wordpress\/wp-json\/wp\/v2\/media?parent=47"}],"curies":[{"name":"wp","href":"https:\/\/api.w.org\/{rel}","templated":true}]}}